{"id":96,"date":"2023-08-24T21:04:33","date_gmt":"2023-08-24T21:04:33","guid":{"rendered":"https:\/\/hrvatski-ini.ufzg.hr\/?page_id=96"},"modified":"2023-08-25T14:43:44","modified_gmt":"2023-08-25T14:43:44","slug":"strucna-literatura","status":"publish","type":"page","link":"https:\/\/hrvatski-ini.ufzg.hr\/?page_id=96","title":{"rendered":"Stru\u010dna literatura"},"content":{"rendered":"\n<p>Pregled znanstvene i stru\u010dne literature kojoj je tema pou\u010davanje i ovladavanje hrvatskim kao inim jezikom. Ve\u0107ina priru\u010dnika sadr\u017ei i primjere dobre prakse ili nastavnih aktivnosti. <\/p>\n\n\n\n<figure class=\"wp-block-image size-large is-resized\"><a href=\"https:\/\/www.hsn.hr\/product\/123\/hrvatski-kao-drugi-i-strani-jezik-zrinka-jelaska-i-suradnici\" target=\"_blank\" rel=\"noreferrer noopener\"><img loading=\"lazy\" src=\"https:\/\/www.hsn.hr\/Repository\/Images\/books\/Hrvatskikaodrugiistranijezik_Mala.jpg\" alt=\"\" width=\"226\" height=\"324\"\/><\/a><figcaption>Jelaska, Z.  i sur. (2005). Hrvatski kao drugi i strani jezik. Zagreb: Sveu\u010dili\u0161na naklada<\/figcaption><\/figure>\n\n\n\n<figure class=\"wp-block-image size-large is-resized\"><img loading=\"lazy\" src=\"https:\/\/www.antikvarijatzz.hr\/media\/catalog\/products\/63482\/thumbs\/057587_1_250x500.JPG\" alt=\"\" width=\"241\" height=\"344\"\/><figcaption>Be\u017een, A., Bo\u0161njak, M. (2012).        <br>Hrvatska nastava u inozemstvu: <br>Priru\u010dnik za u\u010diteljice i u\u010ditelje. <br>Zagreb: MZOS i U\u010diteljski fakultet<\/figcaption><\/figure>\n\n\n\n<figure class=\"wp-block-image size-large is-resized\"><a href=\"https:\/\/www.profil-klett.hr\/proizvod\/drugi-jezik-hrvatski\" target=\"_blank\" rel=\"noreferrer noopener\"><img loading=\"lazy\" src=\"https:\/\/www.profil-klett.hr\/datoteke\/products\/source\/2000701.jpg\" alt=\"\" width=\"255\" height=\"299\"\/><\/a><figcaption>Cviki\u0107, L. (2007). Drugi jezik hrvatski. <br>Profil: Zagreb<\/figcaption><\/figure>\n\n\n\n<div class=\"wp-container-2 wp-block-columns\">\n<div class=\"wp-container-1 wp-block-column\" style=\"flex-basis:100%\"><div class=\"wp-block-image\">\n<figure class=\"alignleft size-large is-resized\"><a href=\"https:\/\/www.azoo.hr\/app\/uploads\/uvezeno\/datoteke\/inojezicni-ucenik-web-1536878529.pdf\" target=\"_blank\" rel=\"noreferrer noopener\"><img loading=\"lazy\" src=\"https:\/\/www.azoo.hr\/app\/uploads\/2020\/11\/inojezicni-1536878529.jpg\" alt=\"\" width=\"319\" height=\"200\"\/><\/a><figcaption>\u010ce\u0161i, M., Cviki\u0107, L., Milovi\u0107, S. (2012). Inojezi\u010dni u\u010denik u okru\u017eenju hrvatskoga jezika. Zagreb: Agencija za odgoj i obrazovanje<\/figcaption><\/figure><\/div><\/div>\n<\/div>\n","protected":false},"excerpt":{"rendered":"<p>Pregled znanstvene i stru\u010dne literature kojoj je tema pou\u010davanje i ovladavanje hrvatskim kao inim jezikom. Ve\u0107ina priru\u010dnika sadr\u017ei i primjere dobre prakse ili nastavnih aktivnosti.<\/p>\n","protected":false},"author":1,"featured_media":0,"parent":39,"menu_order":-6,"comment_status":"closed","ping_status":"closed","template":"","meta":[],"_links":{"self":[{"href":"https:\/\/hrvatski-ini.ufzg.hr\/index.php?rest_route=\/wp\/v2\/pages\/96"}],"collection":[{"href":"https:\/\/hrvatski-ini.ufzg.hr\/index.php?rest_route=\/wp\/v2\/pages"}],"about":[{"href":"https:\/\/hrvatski-ini.ufzg.hr\/index.php?rest_route=\/wp\/v2\/types\/page"}],"author":[{"embeddable":true,"href":"https:\/\/hrvatski-ini.ufzg.hr\/index.php?rest_route=\/wp\/v2\/users\/1"}],"replies":[{"embeddable":true,"href":"https:\/\/hrvatski-ini.ufzg.hr\/index.php?rest_route=%2Fwp%2Fv2%2Fcomments&post=96"}],"version-history":[{"count":10,"href":"https:\/\/hrvatski-ini.ufzg.hr\/index.php?rest_route=\/wp\/v2\/pages\/96\/revisions"}],"predecessor-version":[{"id":192,"href":"https:\/\/hrvatski-ini.ufzg.hr\/index.php?rest_route=\/wp\/v2\/pages\/96\/revisions\/192"}],"up":[{"embeddable":true,"href":"https:\/\/hrvatski-ini.ufzg.hr\/index.php?rest_route=\/wp\/v2\/pages\/39"}],"wp:attachment":[{"href":"https:\/\/hrvatski-ini.ufzg.hr\/index.php?rest_route=%2Fwp%2Fv2%2Fmedia&parent=96"}],"curies":[{"name":"wp","href":"https:\/\/api.w.org\/{rel}","templated":true}]}}