{"id":89,"date":"2023-08-24T21:03:32","date_gmt":"2023-08-24T21:03:32","guid":{"rendered":"https:\/\/hrvatski-ini.ufzg.hr\/?page_id=89"},"modified":"2023-08-25T17:58:04","modified_gmt":"2023-08-25T17:58:04","slug":"online-nastavni-materijali","status":"publish","type":"page","link":"https:\/\/hrvatski-ini.ufzg.hr\/?page_id=89","title":{"rendered":"Online nastavni materijali"},"content":{"rendered":"\n<p>Na ovoj se stranici nalaze informacije i poveznice o mre\u017eno dostupnim nastavnim materijalima koji su <strong>ciljano<\/strong> nastali<strong> <\/strong>upravo <strong>za nastavu hrvatskoga kao inoga jezika<\/strong>. Izvore za nastavu hrvatskoga kao materinskoga jezika, a za koje smatramo da mogu biti korisni i u nastavi hrvatskoga kao inoga jezika potra\u017eite na podstranici <a rel=\"noreferrer noopener\" href=\"https:\/\/hrvatski-ini.ufzg.hr\/?page_id=91\" target=\"_blank\">Korisne mre\u017ene<\/a><a href=\"https:\/\/hrvatski-ini.ufzg.hr\/?page_id=91\" target=\"_blank\" rel=\"noreferrer noopener\"> <\/a><a rel=\"noreferrer noopener\" href=\"https:\/\/hrvatski-ini.ufzg.hr\/?page_id=91\" target=\"_blank\">stranice<\/a>. <\/p>\n\n\n\n<p><\/p>\n\n\n\n<h5 class=\"alignwide\">Baza aktivnosti za pou\u010davanje jezika nastala na projektu DEAL <\/h5>\n\n\n\n<p>U okviru Erasmus + projekta DEAL (<em><a rel=\"noreferrer noopener\" href=\"https:\/\/project-deal.eu\/\" target=\"_blank\">Razvoj pismenosti i u\u010denje jezika za u\u010denike mla\u0111e dobi u nepovoljnom polo\u017eaju<\/a><\/em>) U\u010diteljskoga fakulteta u Zagrebu nastala je baza s<strong> 80 aktivnosti <\/strong>za u\u010denje jezika kojima se mo\u017ee slu\u017eiti u formalnoj i neformalnoj nastavi, kao i u informalnim oblicima u\u010denja. Baza sadr\u017ei opis aktivnosti te sve materijale koji su potrebni za njihovu provedbu, a kojima se u cijelosti i besplatno mo\u017ee pristupiti na <a rel=\"noreferrer noopener\" href=\"https:\/\/docs.google.com\/spreadsheets\/d\/1Z9opY3hnNaVr1hv_kXoRal2sIWdTAQeOEyb3uFuhDjQ\/edit#gid=0\" target=\"_blank\">mre\u017enoj stranici projekta<\/a>. Na\u010din pretra\u017eivanja i uporabe baze prikazan je <a rel=\"noreferrer noopener\" href=\"https:\/\/drive.google.com\/file\/d\/1Lcpj_BhMPaKcFL33psMXGzALnFa_HDXf\/view?usp=sharing\" target=\"_blank\">ovdje<\/a>, a vi\u0161e podataka o aktivnostima, uklju\u010duju\u0107i i teorijske postavke na kojima se temelje navedeni su u <a rel=\"noreferrer noopener\" href=\"https:\/\/project-deal.eu\/wp-content\/uploads\/2020\/09\/PRIRUCNIK_HRVATSKI_2.pdf\" target=\"_blank\">Priru\u010dniku za provoditelje aktivnosti<\/a>.  <\/p>\n","protected":false},"excerpt":{"rendered":"<p>Na ovoj se stranici nalaze informacije i poveznice o mre\u017eno dostupnim nastavnim materijalima koji su ciljano nastali upravo za nastavu hrvatskoga kao inoga jezika. Izvore za nastavu hrvatskoga kao materinskoga jezika, a za koje smatramo da mogu biti korisni i u nastavi hrvatskoga kao inoga jezika potra\u017eite na podstranici Korisne mre\u017ene stranice. Baza aktivnosti za [&hellip;]<\/p>\n","protected":false},"author":1,"featured_media":0,"parent":37,"menu_order":-3,"comment_status":"closed","ping_status":"closed","template":"","meta":[],"_links":{"self":[{"href":"https:\/\/hrvatski-ini.ufzg.hr\/index.php?rest_route=\/wp\/v2\/pages\/89"}],"collection":[{"href":"https:\/\/hrvatski-ini.ufzg.hr\/index.php?rest_route=\/wp\/v2\/pages"}],"about":[{"href":"https:\/\/hrvatski-ini.ufzg.hr\/index.php?rest_route=\/wp\/v2\/types\/page"}],"author":[{"embeddable":true,"href":"https:\/\/hrvatski-ini.ufzg.hr\/index.php?rest_route=\/wp\/v2\/users\/1"}],"replies":[{"embeddable":true,"href":"https:\/\/hrvatski-ini.ufzg.hr\/index.php?rest_route=%2Fwp%2Fv2%2Fcomments&post=89"}],"version-history":[{"count":5,"href":"https:\/\/hrvatski-ini.ufzg.hr\/index.php?rest_route=\/wp\/v2\/pages\/89\/revisions"}],"predecessor-version":[{"id":216,"href":"https:\/\/hrvatski-ini.ufzg.hr\/index.php?rest_route=\/wp\/v2\/pages\/89\/revisions\/216"}],"up":[{"embeddable":true,"href":"https:\/\/hrvatski-ini.ufzg.hr\/index.php?rest_route=\/wp\/v2\/pages\/37"}],"wp:attachment":[{"href":"https:\/\/hrvatski-ini.ufzg.hr\/index.php?rest_route=%2Fwp%2Fv2%2Fmedia&parent=89"}],"curies":[{"name":"wp","href":"https:\/\/api.w.org\/{rel}","templated":true}]}}