{"id":87,"date":"2023-08-24T21:03:12","date_gmt":"2023-08-24T21:03:12","guid":{"rendered":"https:\/\/hrvatski-ini.ufzg.hr\/?page_id=87"},"modified":"2023-08-25T15:19:43","modified_gmt":"2023-08-25T15:19:43","slug":"prirucnici","status":"publish","type":"page","link":"https:\/\/hrvatski-ini.ufzg.hr\/?page_id=87","title":{"rendered":"Priru\u010dnici"},"content":{"rendered":"\n<h4 class=\"alignwide\">Priru\u010dnici za rad s djecom<\/h4>\n\n\n\n<h5 class=\"alignwide\">                 Aladrovi\u0107 Slova\u010dek, K. (2018.) <strong><em>Kreativne jezi\u010dne igre<\/em>.<\/strong> Zagreb: Alfa<\/h5>\n\n\n\n<p>Priru\u010dnik s igrama i igrolikim aktivnostima za poticanje jezi\u010dnoga razvoja na svim jezi\u010dnim razinama. Vi\u0161e informacija <a rel=\"noreferrer noopener\" href=\"https:\/\/alfa.hr\/artikl\/info\/5be3f548a9799d701f77ef8f\" target=\"_blank\">ovdje<\/a>. <\/p>\n\n\n\n<h5 class=\"alignwide\">                 Veli\u010dki, V. i  Zalar,  D. (2018.) <strong><em>Mark je pisao Ani<\/em>.<\/strong> Zagreb: U\u010diteljski fakultet<\/h5>\n\n\n\n<p>Knjiga sadr\u017ei obradu 34 lektirna naslova: kra\u0107u teorijsku studiju, zanimljivosti o piscima te kreativni metodi\u010dki instrumentarij s ciljem poticanja \u010ditanja. Vi\u0161e informacija dostupno <a rel=\"noreferrer noopener\" href=\"https:\/\/webshop.ufzg.hr\/proizvod\/mark-je-pisao-ani\/\" target=\"_blank\">ovdje<\/a>. <\/p>\n\n\n\n<h5 class=\"alignwide\">                 Breber, K. i suradnici (2020.) <strong><em>Igrom do (spo)razumijevanja.<\/em><\/strong> Zagreb: Teatar Tirena<\/h5>\n\n\n\n<p>Priru\u010dnik s primjerima dramskopedago\u0161kih tehnika u nastavi hrvatskoga  jezika. <a href=\"https:\/\/hrvatski-ini.ufzg.hr\/?page_id=189\" data-type=\"page\" data-id=\"189\">Priru\u010dnik je dostupan <\/a><a href=\"https:\/\/hrvatski-ini.ufzg.hr\/?page_id=189\" data-type=\"page\" data-id=\"189\" target=\"_blank\" rel=\"noreferrer noopener\">besplatno<\/a><a href=\"https:\/\/hrvatski-ini.ufzg.hr\/?page_id=189\" data-type=\"page\" data-id=\"189\">. <\/a><\/p>\n\n\n\n<h5 class=\"alignwide\">                 \u010cosi\u0107, D.  i sur. (2023.) <strong><em>Sasvim druk\u010diji jezik<\/em>.<\/strong> Zagreb: Hrvatska matica iseljenika<\/h5>\n\n\n\n<p>Priru\u010dnik sadr\u017ei dramske i lutkarske scenske igre s tekstovima za ovladavanje i pou\u010davanje hrvatskoga kao inoga jezika. Priru\u010dnik je dostupan na hrvatskome i engleskome jeziku, a uz priru\u010dnik korisnici dobivaju i mogu\u0107nost pristupa mre\u017enim stranicama s iscrpnim opisom dramskih tehnika. Vi\u0161e informacija dostupno je <a href=\"http:\/\/Dramske i lutkarske scenske igre s tekstovima za ovladavanje i pou\u010davanje hrvatskoga kao inoga jezika u izdanju\" target=\"_blank\" rel=\"noreferrer noopener\">ovdje<\/a>. <\/p>\n\n\n\n<h5 class=\"alignwide\">                 Grgi\u0107, A., \u0110ur\u0111evi\u0107, R. i Salak, T. (2016.) <em>\u0160egrt Hlapi\u0107 za razinu B1: <strong>Prilagodba romana \u010cudnovate       zgode \u0161egrta Hlapi\u0107a Ivane Brli\u0107-Ma\u017eurani\u0107<\/strong><\/em><strong>.<\/strong> Zagreb: Ffpress<\/h5>\n\n\n\n<p>Ova je knjiga prilagodba cjelovitoga djela I. Brli\u0107 Ma\u017eurani\u0107 &#8220;\u010cudnovate zgode \u0161egrta Hlapi\u0107a&#8221; na razini B1 kako bi ju mogli \u010ditati i  inojezi\u010dni govornici. Vi\u0161e informacija dostupno je <a href=\"https:\/\/croaticum.ffzg.unizg.hr\/?page_id=32&amp;lang=hr\" target=\"_blank\" rel=\"noreferrer noopener\">ovdje<\/a>. <\/p>\n\n\n\n<p><\/p>\n\n\n\n<h4 class=\"alignwide\">Priru\u010dnici za pripremu nastave s odraslima<\/h4>\n\n\n\n<h5 class=\"alignwide\">                 Bankovi\u0107-Mandi\u0107, I. (2023). <strong><em>Priru\u010dnik za korekciju izgovora i po\u010detno u\u010denje hrvatskog jezika<\/em><em>.<\/em><\/strong> Zagreb: Ffpress<\/h5>\n\n\n\n<p>Na temelju jednostavnoga teksta poznate bajke korisnike se upoznaje s glasovima hrvatskoga jezika, njihovom izgovorom, intonacijom re\u010denice te glasovnim promjenama. Priru\u010dnik sadr\u017ei i zvu\u010dne zapise i jednostavne gramati\u010dke upute. Vi\u0161e informacija dostupno je <a rel=\"noreferrer noopener\" href=\"https:\/\/croaticum.ffzg.unizg.hr\/?page_id=32&amp;lang=hr\" target=\"_blank\">ovdje<\/a>. <\/p>\n\n\n\n<h5 class=\"alignwide\">                 Miki\u0107 \u010coli\u0107, A. (ur.) (2023).<strong><em> Hrvatski od A do C.<\/em><\/strong> Zagreb: Ffpress<\/h5>\n\n\n\n<p>Ovaj je priru\u010dnik zbirka zadataka za u\u010denje i vje\u017ebanje hrvatskoga jezika na razli\u010ditim razinama od razine A (po\u010detne) do razine C (napredne). Zadatci poma\u017eu pri ovladavanju vokabularom, morfologijom i sintaksom hrvatskoga jezika te razvojem diskursne kompetencije u govoru i pismu. Vi\u0161e informacija dostupno je <a rel=\"noreferrer noopener\" href=\"https:\/\/webshop.ffos.hr\/proizvod\/hrvatski-od-a-do-c\/\" target=\"_blank\">ovdje<\/a>. <\/p>\n\n\n\n<h5 class=\"alignwide\">                 Udier, S. L. (ur). (2014). <strong><em>Hrvatska na prvi pogled. <\/em>Ud\u017ebenik hrvatske kulture<em>.<\/em><\/strong> Zagreb: Ffpress<\/h5>\n\n\n\n<p>Ud\u017ebenik namijenjen stranim studentima za upoznavanje s temeljima hrvatske kulture. Priru\u010dnik sadr\u017ei 10 autorskih tekstova od kojih se svaki bavi jednim vidom kulture. Priru\u010dnik je dostupan i u ina\u010dici na engleskom jeziku. Vi\u0161e informacija dostupno je <a rel=\"noreferrer noopener\" href=\"https:\/\/croaticum.ffzg.unizg.hr\/?page_id=32&amp;lang=hr\" target=\"_blank\">ovdje<\/a>. <\/p>\n\n\n\n<h5 class=\"alignwide\">                 Udier, S. L. (ur). (2019). <strong><em>Hrvatska na drugi pogled. <\/em>Ud\u017ebenik hrvatske kulture i dru\u0161tva<em>.<\/em><\/strong> Zagreb:              Ffpress<\/h5>\n\n\n\n<p>Ud\u017ebenik namijenjen stranim studentima za upoznavanje s temeljima hrvatske kulture. Priru\u010dnik sadr\u017ei 9 autorskih tekstova od kojih se svaki bavi jednim segmentom hrvatske kulture i dru\u0161tva. Vi\u0161e informacija dostupno je <a rel=\"noreferrer noopener\" href=\"https:\/\/croaticum.ffzg.unizg.hr\/?page_id=32&amp;lang=hr\" target=\"_blank\">ovdje<\/a>. <\/p>\n\n\n\n<h5 class=\"alignwide\">                 Grgi\u0107, A.  i Gule\u0161i\u0107 Machata, M. (2017). <em>Hrvatski A2:<\/em> <strong><em>Opisni okvir referentne razine A2.<\/em><\/strong> Zagreb:  Ffpress<\/h5>\n\n\n\n<p>Opis razine A2 hrvatskoga kao inoga jezika napravljen je prema ljestvici referentnih razina Zajedni\u010dkoga europskoga referentnoga okvira za jezike (ZEROJ) te se navode  jezi\u010dne funkcije i pripadaju\u0107i jezi\u010dni obrasci na razini A2. Priru\u010dnik je koristan nastavnicima za pripremu nastavnih materijala i procjenjivanje jezi\u010dnoga znanja. Vi\u0161e informacija dostupno je <a href=\"https:\/\/croaticum.ffzg.unizg.hr\/?page_id=5008&amp;lang=hr\">ovdje<\/a>. <\/p>\n\n\n\n<h5 class=\"alignwide\">               Grgi\u0107, A. , Gule\u0161i\u0107 Machata, M. i Nazalevi\u0107 \u010cu\u010devi\u0107, I. (2013). <em>Hrvatski B1<\/em>: <strong><em>Opisni okvir referentne razine B1.<\/em><\/strong> Zagreb:  Ffpress<\/h5>\n\n\n\n<p>Opis razine B1 hrvatskoga kao inoga jezika napravljen je prema ljestvici referentnih razina Zajedni\u010dkoga europskoga referentnoga okvira za jezike (ZEROJ) te se navode  jezi\u010dne funkcije i pripadaju\u0107i jezi\u010dni obrasci na razini B1. Priru\u010dnik je koristan nastavnicima za pripremu nastavnih materijala i procjenjivanje jezi\u010dnoga znanja. Vi\u0161e informacija dostupno je <a href=\"https:\/\/croaticum.ffzg.unizg.hr\/?page_id=5008&amp;lang=hr\">ovdje<\/a>. <\/p>\n\n\n\n<h5 class=\"alignwide\">              Gule\u0161i\u0107 Machata, M. i Grgi\u0107, A. (2015). <em>Hrvatski B<\/em>2: <strong><em>Opisni okvir referentne razine B2.<\/em><\/strong> Zagreb:  Ffpress<\/h5>\n\n\n\n<p>Opis razine B2 hrvatskoga kao inoga jezika napravljen je prema ljestvici referentnih razina Zajedni\u010dkoga europskoga referentnoga okvira za jezike (ZEROJ) te se navode  jezi\u010dne funkcije i pripadaju\u0107i jezi\u010dni obrasci na razini B2. Priru\u010dnik je koristan nastavnicima za pripremu nastavnih materijala i procjenjivanje jezi\u010dnoga znanja. Vi\u0161e informacija dostupno je <a href=\"https:\/\/croaticum.ffzg.unizg.hr\/?page_id=5008&amp;lang=hr\">ovdje<\/a>. <\/p>\n","protected":false},"excerpt":{"rendered":"<p>Priru\u010dnici za rad s djecom Aladrovi\u0107 Slova\u010dek, K. (2018.) Kreativne jezi\u010dne igre. Zagreb: Alfa Priru\u010dnik s igrama i igrolikim aktivnostima za poticanje jezi\u010dnoga razvoja na svim jezi\u010dnim razinama. Vi\u0161e informacija ovdje. Veli\u010dki, V. i Zalar, D. (2018.) Mark je pisao Ani. Zagreb: U\u010diteljski fakultet Knjiga sadr\u017ei obradu 34 lektirna naslova: kra\u0107u teorijsku studiju, zanimljivosti o [&hellip;]<\/p>\n","protected":false},"author":1,"featured_media":0,"parent":37,"menu_order":-2,"comment_status":"closed","ping_status":"closed","template":"","meta":[],"_links":{"self":[{"href":"https:\/\/hrvatski-ini.ufzg.hr\/index.php?rest_route=\/wp\/v2\/pages\/87"}],"collection":[{"href":"https:\/\/hrvatski-ini.ufzg.hr\/index.php?rest_route=\/wp\/v2\/pages"}],"about":[{"href":"https:\/\/hrvatski-ini.ufzg.hr\/index.php?rest_route=\/wp\/v2\/types\/page"}],"author":[{"embeddable":true,"href":"https:\/\/hrvatski-ini.ufzg.hr\/index.php?rest_route=\/wp\/v2\/users\/1"}],"replies":[{"embeddable":true,"href":"https:\/\/hrvatski-ini.ufzg.hr\/index.php?rest_route=%2Fwp%2Fv2%2Fcomments&post=87"}],"version-history":[{"count":6,"href":"https:\/\/hrvatski-ini.ufzg.hr\/index.php?rest_route=\/wp\/v2\/pages\/87\/revisions"}],"predecessor-version":[{"id":198,"href":"https:\/\/hrvatski-ini.ufzg.hr\/index.php?rest_route=\/wp\/v2\/pages\/87\/revisions\/198"}],"up":[{"embeddable":true,"href":"https:\/\/hrvatski-ini.ufzg.hr\/index.php?rest_route=\/wp\/v2\/pages\/37"}],"wp:attachment":[{"href":"https:\/\/hrvatski-ini.ufzg.hr\/index.php?rest_route=%2Fwp%2Fv2%2Fmedia&parent=87"}],"curies":[{"name":"wp","href":"https:\/\/api.w.org\/{rel}","templated":true}]}}