{"id":84,"date":"2023-08-24T21:02:51","date_gmt":"2023-08-24T21:02:51","guid":{"rendered":"https:\/\/hrvatski-ini.ufzg.hr\/?page_id=84"},"modified":"2023-08-25T13:44:43","modified_gmt":"2023-08-25T13:44:43","slug":"udzbenici","status":"publish","type":"page","link":"https:\/\/hrvatski-ini.ufzg.hr\/?page_id=84","title":{"rendered":"Ud\u017ebenici"},"content":{"rendered":"\n<h4 class=\"alignwide\">Ud\u017ebenici za djecu<\/h4>\n\n\n\n<div class=\"wp-container-1 wp-block-group\"><div class=\"wp-block-group__inner-container\"><div class=\"wp-block-image\">\n<figure class=\"alignleft size-large is-resized\"><img loading=\"lazy\" src=\"https:\/\/shop.skolskaknjiga.hr\/media\/catalog\/product\/cache\/1\/image\/9df78eab33525d08d6e5fb8d27136e95\/0\/1\/013907.jpg\" alt=\"\" width=\"131\" height=\"177\"\/><\/figure><\/div><\/div><\/div>\n\n\n\n<p><\/p>\n\n\n\n<p class=\"has-text-align-left\">Mesaro\u0161 Grguri\u0107, N., La\u010da, B. (2020). <strong><em>Hrvatski i ja. <\/em><\/strong>Radni listovi za u\u010denje hrvatskoga jezika kao stranoga jezika. Zagreb: \u0160kolska knjiga. <\/p>\n\n\n\n<p><\/p>\n\n\n\n<div class=\"wp-container-2 wp-block-group\"><div class=\"wp-block-group__inner-container\">\n<div style=\"height:17px\" aria-hidden=\"true\" class=\"wp-block-spacer\"><\/div>\n\n\n<div class=\"wp-block-image\">\n<figure class=\"alignleft size-large is-resized\"><img loading=\"lazy\" src=\"https:\/\/shop.skolskaknjiga.hr\/media\/catalog\/product\/cache\/1\/image\/9df78eab33525d08d6e5fb8d27136e95\/0\/1\/012401_2.jpg\" alt=\"\" width=\"165\" height=\"220\"\/><\/figure><\/div><\/div><\/div>\n\n\n\n<div class=\"wp-container-4 wp-block-group\"><div class=\"wp-block-group__inner-container\">\n<div class=\"wp-container-3 wp-block-group\"><div class=\"wp-block-group__inner-container\">\n<p><\/p>\n\n\n\n<p>An\u010di\u0107, D. (2016). <strong><em>Hrvatski u srcu. <\/em><\/strong>Ud\u017ebenik za hrvatsku nastavu u inozemstvu. Zagreb: \u0160kolska knjiga. <\/p>\n<\/div><\/div>\n<\/div><\/div>\n\n\n\n<p><\/p>\n\n\n\n<p><\/p>\n\n\n\n<div style=\"height:23px\" aria-hidden=\"true\" class=\"wp-block-spacer\"><\/div>\n\n\n\n<h4 class=\"alignwide\">Ud\u017ebenici za odrasle <\/h4>\n\n\n\n<div class=\"wp-container-7 wp-block-group\"><div class=\"wp-block-group__inner-container\">\n<div class=\"wp-container-6 wp-block-group\"><div class=\"wp-block-group__inner-container\">\n<div class=\"wp-container-5 wp-block-group\"><div class=\"wp-block-group__inner-container\">\n<p>\u010cila\u0161 Mikuli\u0107, M., Gule\u0161i\u0107 Machata, M. Udier, S. L. (2021). <strong><em>Razgovarajte s nama!<\/em><\/strong> Ud\u017ebenik hrvatskoga jezika za razine A1 i A2. Zagreb: Hrvatska sveu\u010dili\u0161na naklada. <\/p>\n<\/div><\/div>\n<\/div><\/div>\n<\/div><\/div>\n\n\n\n<div class=\"wp-container-9 wp-block-group\"><div class=\"wp-block-group__inner-container\">\n<div class=\"wp-container-8 wp-block-group\"><div class=\"wp-block-group__inner-container\"><div class=\"wp-block-image\">\n<figure class=\"alignleft size-large\"><img src=\"https:\/\/croaticum.ffzg.unizg.hr\/wp-content\/uploads\/2022\/09\/Razgovarajte-s-nama-Udzbenik-hrvatskog-jezika-za-razine-A1-i-A2-210x300.jpg\" alt=\"\"\/><\/figure><\/div><\/div><\/div>\n<\/div><\/div>\n","protected":false},"excerpt":{"rendered":"<p>Ud\u017ebenici za djecu Mesaro\u0161 Grguri\u0107, N., La\u010da, B. (2020). Hrvatski i ja. Radni listovi za u\u010denje hrvatskoga jezika kao stranoga jezika. Zagreb: \u0160kolska knjiga. An\u010di\u0107, D. (2016). Hrvatski u srcu. Ud\u017ebenik za hrvatsku nastavu u inozemstvu. Zagreb: \u0160kolska knjiga. Ud\u017ebenici za odrasle \u010cila\u0161 Mikuli\u0107, M., Gule\u0161i\u0107 Machata, M. Udier, S. L. (2021). Razgovarajte s nama! [&hellip;]<\/p>\n","protected":false},"author":1,"featured_media":0,"parent":37,"menu_order":-4,"comment_status":"closed","ping_status":"closed","template":"","meta":[],"_links":{"self":[{"href":"https:\/\/hrvatski-ini.ufzg.hr\/index.php?rest_route=\/wp\/v2\/pages\/84"}],"collection":[{"href":"https:\/\/hrvatski-ini.ufzg.hr\/index.php?rest_route=\/wp\/v2\/pages"}],"about":[{"href":"https:\/\/hrvatski-ini.ufzg.hr\/index.php?rest_route=\/wp\/v2\/types\/page"}],"author":[{"embeddable":true,"href":"https:\/\/hrvatski-ini.ufzg.hr\/index.php?rest_route=\/wp\/v2\/users\/1"}],"replies":[{"embeddable":true,"href":"https:\/\/hrvatski-ini.ufzg.hr\/index.php?rest_route=%2Fwp%2Fv2%2Fcomments&post=84"}],"version-history":[{"count":2,"href":"https:\/\/hrvatski-ini.ufzg.hr\/index.php?rest_route=\/wp\/v2\/pages\/84\/revisions"}],"predecessor-version":[{"id":186,"href":"https:\/\/hrvatski-ini.ufzg.hr\/index.php?rest_route=\/wp\/v2\/pages\/84\/revisions\/186"}],"up":[{"embeddable":true,"href":"https:\/\/hrvatski-ini.ufzg.hr\/index.php?rest_route=\/wp\/v2\/pages\/37"}],"wp:attachment":[{"href":"https:\/\/hrvatski-ini.ufzg.hr\/index.php?rest_route=%2Fwp%2Fv2%2Fmedia&parent=84"}],"curies":[{"name":"wp","href":"https:\/\/api.w.org\/{rel}","templated":true}]}}