{"id":60,"date":"2023-08-24T20:46:29","date_gmt":"2023-08-24T20:46:29","guid":{"rendered":"https:\/\/hrvatski-ini.ufzg.hr\/?page_id=60"},"modified":"2023-08-25T13:03:09","modified_gmt":"2023-08-25T13:03:09","slug":"online-tecajevi","status":"publish","type":"page","link":"https:\/\/hrvatski-ini.ufzg.hr\/?page_id=60","title":{"rendered":"Online te\u010dajevi"},"content":{"rendered":"\n<h5 class=\"alignwide\"><strong>Online te\u010daj hrvatskoga jezika HiT 1 <\/strong> <\/h5>\n\n\n\n<p>Program HiT1 nastao je u suradnji Sveu\u010dili\u0161ta u Zagrebu i Hrvatske matice iseljenika uz podr\u0161ku Ministarstva znanosti i obrazovanja te Sredi\u0161njeg dr\u017eavnog ureda za Hrvate izvan Republike Hrvatske. <\/p>\n\n\n\n<p>Te\u010daj namijenjen po\u010detnicima bez predznanja. Nastava obuhva\u0107a samostalan rad u sustavu za e-u\u010denje Moodle te individualnu online nastavu u realnome vremenu s lektorom hrvatskoga jezika (2 sata tjedno). Te\u010daj traje 10 tjedana. <\/p>\n\n\n\n<p>Vi\u0161e informacija i prijave na <a href=\"http:\/\/www.unizg.hr\/homepage\/learn-croatian\/e-learning-course-of-croatian\/\" target=\"_blank\" rel=\"noreferrer noopener\">poveznici<\/a>. <\/p>\n\n\n\n<h5 class=\"alignwide\"><strong>Individualna e-nastava hrvatskoga kao inoga jezika <\/strong><em>Hej<\/em><strong>  <\/strong> <\/h5>\n\n\n\n<p>Sveu\u010dili\u0161te u Zagrebu u okviru Sveu\u010dili\u0161ne \u0161kole hrvatskoga jezika i kulture (UNISOCLAC) organizira i individualnu e-nastavu Hej za polaznike \u010dija je razina znanja vi\u0161a od po\u010detni\u010dke (A1). Nastava se odr\u017eava individualno, online u stvarnome vremenu, a mogu\u0107e je upisati paketima od 10 sati nastave (10 x 60 minuta). <\/p>\n\n\n\n<p>Vi\u0161e informacija i prijave na <a rel=\"noreferrer noopener\" href=\"http:\/\/www.unizg.hr\/suradnja\/medunarodna-suradnja\/ucenje-hrvatskoga-jezika-za-strance\/individualna-e-nastava-hrvatskoga-kao-inoga-jezika-hej\/\" target=\"_blank\">poveznici<\/a>. <\/p>\n\n\n\n<h5 class=\"alignwide\"><strong>Internetski te\u010daj A1.HR<\/strong><strong>  <\/strong> <\/h5>\n\n\n\n<p>Filozofski fakultet u Zagrebu i Sredi\u0161nji dr\u017eavni ured za Hrvate izvan Republike Hrvatske omogu\u0107ili su izradu i provedbu otvorenoga online te\u010daja hrvatskoga jezika na razini A1. Te\u010daj je namijenjen samostalnom u\u010denju, a sastoji se od 80 nastavnih jedinica. <\/p>\n\n\n\n<p>Vi\u0161e informacija i prijava na <a rel=\"noreferrer noopener\" href=\"https:\/\/a1.ffzg.unizg.hr\/\" target=\"_blank\">poveznici<\/a>. <\/p>\n\n\n\n<h5 class=\"alignwide\"><strong>Internetski te\u010daj A2.HR<\/strong><strong>  <\/strong> <\/h5>\n\n\n\n<p>Filozofski fakultet u Zagrebu i Sredi\u0161nji dr\u017eavni ured za Hrvate izvan Republike Hrvatske omogu\u0107ili su izradu i provedbu otvorenoga online te\u010daja hrvatskoga jezika na razini A2. Te\u010daj je namijenjen samostalnom u\u010denju, a sastoji se od 80 nastavnih jedinica. <\/p>\n\n\n\n<p>Vi\u0161e informacija i prijava na <a href=\"https:\/\/a2.ffzg.unizg.hr\/\" target=\"_blank\" rel=\"noreferrer noopener\">poveznici<\/a>. <\/p>\n\n\n\n<h5 class=\"alignwide\"><strong>UNIC online jezi\u010dni modul <\/strong><strong>  <\/strong> <\/h5>\n\n\n\n<p>Sveu\u010dili\u0161te u Zagrebu \u010dlan je mre\u017ee sveu\u010dili\u0161ta UNIC. U okviru mre\u017ee izra\u0111eni su online moduli za u\u010denje jezika te upoznavanja s kulturom i gradovima sveu\u010dili\u0161nih partnera u mre\u017ei, \u0161to uklju\u010duje i hrvatski jezik. Modul je namijenjen samostalnome u\u010denju za po\u010detnike, na razini A1 te obuhva\u0107a od 15 do 30 sati nastave. <\/p>\n\n\n\n<p>Vi\u0161e informacija i prijava na <a href=\"https:\/\/www.unic.eu\/hr\/online-language-modules\" target=\"_blank\" rel=\"noreferrer noopener\">poveznici<\/a>. <\/p>\n\n\n\n<p><\/p>\n","protected":false},"excerpt":{"rendered":"<p>Online te\u010daj hrvatskoga jezika HiT 1 Program HiT1 nastao je u suradnji Sveu\u010dili\u0161ta u Zagrebu i Hrvatske matice iseljenika uz podr\u0161ku Ministarstva znanosti i obrazovanja te Sredi\u0161njeg dr\u017eavnog ureda za Hrvate izvan Republike Hrvatske. Te\u010daj namijenjen po\u010detnicima bez predznanja. Nastava obuhva\u0107a samostalan rad u sustavu za e-u\u010denje Moodle te individualnu online nastavu u realnome vremenu [&hellip;]<\/p>\n","protected":false},"author":1,"featured_media":0,"parent":35,"menu_order":-2,"comment_status":"closed","ping_status":"closed","template":"","meta":[],"_links":{"self":[{"href":"https:\/\/hrvatski-ini.ufzg.hr\/index.php?rest_route=\/wp\/v2\/pages\/60"}],"collection":[{"href":"https:\/\/hrvatski-ini.ufzg.hr\/index.php?rest_route=\/wp\/v2\/pages"}],"about":[{"href":"https:\/\/hrvatski-ini.ufzg.hr\/index.php?rest_route=\/wp\/v2\/types\/page"}],"author":[{"embeddable":true,"href":"https:\/\/hrvatski-ini.ufzg.hr\/index.php?rest_route=\/wp\/v2\/users\/1"}],"replies":[{"embeddable":true,"href":"https:\/\/hrvatski-ini.ufzg.hr\/index.php?rest_route=%2Fwp%2Fv2%2Fcomments&post=60"}],"version-history":[{"count":2,"href":"https:\/\/hrvatski-ini.ufzg.hr\/index.php?rest_route=\/wp\/v2\/pages\/60\/revisions"}],"predecessor-version":[{"id":181,"href":"https:\/\/hrvatski-ini.ufzg.hr\/index.php?rest_route=\/wp\/v2\/pages\/60\/revisions\/181"}],"up":[{"embeddable":true,"href":"https:\/\/hrvatski-ini.ufzg.hr\/index.php?rest_route=\/wp\/v2\/pages\/35"}],"wp:attachment":[{"href":"https:\/\/hrvatski-ini.ufzg.hr\/index.php?rest_route=%2Fwp%2Fv2%2Fmedia&parent=60"}],"curies":[{"name":"wp","href":"https:\/\/api.w.org\/{rel}","templated":true}]}}