{"id":51,"date":"2023-08-24T20:42:30","date_gmt":"2023-08-24T20:42:30","guid":{"rendered":"https:\/\/hrvatski-ini.ufzg.hr\/?page_id=51"},"modified":"2023-08-25T17:05:23","modified_gmt":"2023-08-25T17:05:23","slug":"tecajevi-za-djecu","status":"publish","type":"page","link":"https:\/\/hrvatski-ini.ufzg.hr\/?page_id=51","title":{"rendered":"Te\u010dajevi za djecu"},"content":{"rendered":"\n<h4 class=\"alignwide has-text-align-left\"><em>Mala \u0161kola hrvatskoga jezika i kulture<\/em>, Hrvatska matica iseljenika<\/h4>\n\n\n\n<p>Mala \u0161kola hrvatskoga jezika i kulture jedini je ljetni kamp za u\u010denje hrvatskoga jezika za djecu od 9 do 14 godina koji ve\u0107 30 godina uspje\u0161no organizira Hrvatska matica iseljenika. Program Male \u0161kole obuhva\u0107a ovladavanje jezi\u010dnim i kulturnim sadr\u017eajima radom u radionicama: jezi\u010dnoj, novinarskoj, dramskoj, filmskoj, lutkarskoj&#8230; Uz to, djeca u\u010de hrvatski jezik i kulturu na izletima, u \u0161etnji gradom, tijekom sportskih i plesnih aktivnosti, plivanja i igranja na pla\u017ei, u dru\u017eenju s vr\u0161njacima i stru\u010dnim voditeljima. Plodovi rada polaznika i njhovih voditelja mogu se vidjeti u \u0161kolskim novinama <em>Spomenak<\/em>, virtualnom \u0161etnjom <a rel=\"noreferrer noopener\" href=\"https:\/\/www.facebook.com\/watch\/?v=1580157208729697\" target=\"_blank\">kroz Muzej male \u0161kole<\/a> te u priru\u010dniku <em><a rel=\"noreferrer noopener\" href=\"https:\/\/matis.hr\/dogadanja\/predstavljanje-knjige-sasvim-drukciji-jezik\/\" target=\"_blank\">Sasvim druk\u010diji jezik<\/a><\/em>. O programu i na\u010dinima prijave vi\u0161e informacija <a rel=\"noreferrer noopener\" href=\"https:\/\/matis.hr\/programi\/mala-skola-hrvatskoga-jezika-i-kulture-3\/\" target=\"_blank\">ovdje<\/a>. <\/p>\n\n\n\n<figure class=\"wp-block-image size-large\"><img src=\"https:\/\/sp-ao.shortpixel.ai\/client\/to_auto,q_glossy,ret_img,w_1620\/https:\/\/matis.hr\/wp-content\/uploads\/2019\/01\/Naslovna.jpg\" alt=\"\"\/><\/figure>\n","protected":false},"excerpt":{"rendered":"<p>Mala \u0161kola hrvatskoga jezika i kulture, Hrvatska matica iseljenika Mala \u0161kola hrvatskoga jezika i kulture jedini je ljetni kamp za u\u010denje hrvatskoga jezika za djecu od 9 do 14 godina koji ve\u0107 30 godina uspje\u0161no organizira Hrvatska matica iseljenika. Program Male \u0161kole obuhva\u0107a ovladavanje jezi\u010dnim i kulturnim sadr\u017eajima radom u radionicama: jezi\u010dnoj, novinarskoj, dramskoj, filmskoj, [&hellip;]<\/p>\n","protected":false},"author":1,"featured_media":0,"parent":33,"menu_order":0,"comment_status":"closed","ping_status":"closed","template":"","meta":[],"_links":{"self":[{"href":"https:\/\/hrvatski-ini.ufzg.hr\/index.php?rest_route=\/wp\/v2\/pages\/51"}],"collection":[{"href":"https:\/\/hrvatski-ini.ufzg.hr\/index.php?rest_route=\/wp\/v2\/pages"}],"about":[{"href":"https:\/\/hrvatski-ini.ufzg.hr\/index.php?rest_route=\/wp\/v2\/types\/page"}],"author":[{"embeddable":true,"href":"https:\/\/hrvatski-ini.ufzg.hr\/index.php?rest_route=\/wp\/v2\/users\/1"}],"replies":[{"embeddable":true,"href":"https:\/\/hrvatski-ini.ufzg.hr\/index.php?rest_route=%2Fwp%2Fv2%2Fcomments&post=51"}],"version-history":[{"count":3,"href":"https:\/\/hrvatski-ini.ufzg.hr\/index.php?rest_route=\/wp\/v2\/pages\/51\/revisions"}],"predecessor-version":[{"id":201,"href":"https:\/\/hrvatski-ini.ufzg.hr\/index.php?rest_route=\/wp\/v2\/pages\/51\/revisions\/201"}],"up":[{"embeddable":true,"href":"https:\/\/hrvatski-ini.ufzg.hr\/index.php?rest_route=\/wp\/v2\/pages\/33"}],"wp:attachment":[{"href":"https:\/\/hrvatski-ini.ufzg.hr\/index.php?rest_route=%2Fwp%2Fv2%2Fmedia&parent=51"}],"curies":[{"name":"wp","href":"https:\/\/api.w.org\/{rel}","templated":true}]}}