{"id":47,"date":"2023-08-24T20:41:33","date_gmt":"2023-08-24T20:41:33","guid":{"rendered":"https:\/\/hrvatski-ini.ufzg.hr\/?page_id=47"},"modified":"2023-08-28T06:56:42","modified_gmt":"2023-08-28T06:56:42","slug":"pripremna-i-dopunska-nastava","status":"publish","type":"page","link":"https:\/\/hrvatski-ini.ufzg.hr\/?page_id=47","title":{"rendered":"Pripremna i dopunska nastava"},"content":{"rendered":"\n<p><strong>Pripremna i dopunska nastava<\/strong> oblici su neposrednoga odgojno-obrazovnoga rada koji su ustrojavaju na temelju odredbi <em>Zakona o odgoju i obrazovanju u osnovnoj i srednjoj \u0161koli<\/em>. Na temelju Zakona (\u010dl. 43) \u0161kole su du\u017ene pru\u017eiti podr\u0161ku djeci koja imaju pravo na \u0161kolovanje u Republici Hrvatskoj, a ne znaju ili nedostatno poznaju hrvatski jezik. <\/p>\n\n\n\n<p>Uvjeti i na\u010din provo\u0111enja pripremne i dopunske nastave propisani su <em><a href=\"https:\/\/narodne-novine.nn.hr\/clanci\/sluzbeni\/2013_02_15_252.html\" target=\"_blank\" rel=\"noreferrer noopener\">Pravilnikom o pripremnoj i dopunskoj nastavi hrvatskoga jezika za u\u010denike koji ne znaju ili nedostatno poznaju hrvatski jezik<\/a><\/em>. <\/p>\n\n\n\n<p>Pripremna nastava provodi se na temelju propisanoga <em><a rel=\"noreferrer noopener\" href=\"https:\/\/narodne-novine.nn.hr\/clanci\/sluzbeni\/2011_12_151_3143.html\" target=\"_blank\">Programa pripremne nastave hrvatskoga jezika za u\u010denike osnovne i srednje \u0161kole<\/a><\/em>, a iscrpnije informacije o programu te primjeri dobre prakse mogu se prona\u0107i u priru\u010dniku <em><a rel=\"noreferrer noopener\" href=\"https:\/\/www.azoo.hr\/app\/uploads\/uvezeno\/datoteke\/inojezicni-ucenik-web-1536878529.pdf\" target=\"_blank\">Inojezi\u010dni u\u010denik u okru\u017eenju hrvatskoga jezika<\/a><\/em>. <\/p>\n\n\n\n<p><\/p>\n\n\n\n<h4 class=\"alignwide\">Vi\u0161e o temi: <\/h4>\n\n\n\n<ul><li>Pripremna nastava i zaklju\u010divanje ocjena  &#8211; uputa Ministarstva znanosti i obrazovanja<strong> <a rel=\"noreferrer noopener\" href=\"https:\/\/mzo.gov.hr\/vijesti\/cesta-pitanja-i-odgovori-pripremna-nastava-i-zakljucivanje-ocjena-na-kraju-nastavne-godine\/3820\" target=\"_blank\">ovdje<\/a><\/strong><\/li><li>Uklju\u010divanje djece i u\u010denika izbjeglica iz Ukrajine u odgojno-obrazovni sustav &#8211; informacije MZO<strong> <a rel=\"noreferrer noopener\" href=\"https:\/\/mzo.gov.hr\/vijesti\/ukljucivanje-djece-i-ucenika-izbjeglica-iz-ukrajine-u-odgojno-obrazovni-sustav-republike-hrvatske-4826\/4826\" target=\"_blank\">ovdje<\/a><\/strong><\/li><li>Popis \u0161kola u Gradu Zagrebu u kojima se provodi pripremna nastava hrvatskoga jezika<strong>  <a rel=\"noreferrer noopener\" href=\"https:\/\/integracija.zagreb.hr\/obrazovanje-134667\/134667\" target=\"_blank\">ovdje<\/a><\/strong><\/li><\/ul>\n","protected":false},"excerpt":{"rendered":"<p>Pripremna i dopunska nastava oblici su neposrednoga odgojno-obrazovnoga rada koji su ustrojavaju na temelju odredbi Zakona o odgoju i obrazovanju u osnovnoj i srednjoj \u0161koli. Na temelju Zakona (\u010dl. 43) \u0161kole su du\u017ene pru\u017eiti podr\u0161ku djeci koja imaju pravo na \u0161kolovanje u Republici Hrvatskoj, a ne znaju ili nedostatno poznaju hrvatski jezik. Uvjeti i na\u010din [&hellip;]<\/p>\n","protected":false},"author":1,"featured_media":0,"parent":33,"menu_order":-2,"comment_status":"closed","ping_status":"closed","template":"","meta":[],"_links":{"self":[{"href":"https:\/\/hrvatski-ini.ufzg.hr\/index.php?rest_route=\/wp\/v2\/pages\/47"}],"collection":[{"href":"https:\/\/hrvatski-ini.ufzg.hr\/index.php?rest_route=\/wp\/v2\/pages"}],"about":[{"href":"https:\/\/hrvatski-ini.ufzg.hr\/index.php?rest_route=\/wp\/v2\/types\/page"}],"author":[{"embeddable":true,"href":"https:\/\/hrvatski-ini.ufzg.hr\/index.php?rest_route=\/wp\/v2\/users\/1"}],"replies":[{"embeddable":true,"href":"https:\/\/hrvatski-ini.ufzg.hr\/index.php?rest_route=%2Fwp%2Fv2%2Fcomments&post=47"}],"version-history":[{"count":7,"href":"https:\/\/hrvatski-ini.ufzg.hr\/index.php?rest_route=\/wp\/v2\/pages\/47\/revisions"}],"predecessor-version":[{"id":226,"href":"https:\/\/hrvatski-ini.ufzg.hr\/index.php?rest_route=\/wp\/v2\/pages\/47\/revisions\/226"}],"up":[{"embeddable":true,"href":"https:\/\/hrvatski-ini.ufzg.hr\/index.php?rest_route=\/wp\/v2\/pages\/33"}],"wp:attachment":[{"href":"https:\/\/hrvatski-ini.ufzg.hr\/index.php?rest_route=%2Fwp%2Fv2%2Fmedia&parent=47"}],"curies":[{"name":"wp","href":"https:\/\/api.w.org\/{rel}","templated":true}]}}