{"id":108,"date":"2023-08-24T21:06:43","date_gmt":"2023-08-24T21:06:43","guid":{"rendered":"https:\/\/hrvatski-ini.ufzg.hr\/?page_id=108"},"modified":"2023-08-25T18:28:23","modified_gmt":"2023-08-25T18:28:23","slug":"home-page","status":"publish","type":"page","link":"https:\/\/hrvatski-ini.ufzg.hr\/","title":{"rendered":"Dobro do\u0161li!"},"content":{"rendered":"\n<p><strong>Hrvatski kao ini jezik<\/strong> pojam je kojim se ozna\u010dava hrvatski jezik svih onih govornika kojima on nije prvi, odnosno materinski jezik ili im nije glavno sredstvo sporazumijevanja: useljenicima u Republiku Hrvatsku, potomcima hrvatskih iseljenika, pripadnicima nacionalnih manjina kojima je manjinski jezik materinski, strancima koji iz poslovnih ili privatnih razloga u\u010de hrvatski jezik i drugima&#8230; Govornici hrvatskoga kao inoga jezika nazivaju se <strong>inojezi\u010dnim govornicima hrvatskoga<\/strong>. <\/p>\n\n\n\n<p class=\"has-primary-color has-text-color\">Pou\u010davanje inojezi\u010dnih govornika hrvatskoga, bilo da je rije\u010d o u\u010denju hrvatskoga jezika ili obrazovanju op\u0107enito, zahtijeva poseban pristup \u0161to uklju\u010duje osvje\u0161tavanje dionika odgojno-obrazovnoga sustava za potrebe djece i u\u010denika inojezi\u010dnih govornika, posebne profesionalne kompetencije odgojitelja i u\u010ditelja te prikladne i u\u010dinkovite ud\u017ebenike i druge nastavne materijale. <\/p>\n\n\n\n<p class=\"has-primary-color has-text-color\">Kao ustanova koja svojim cjelokupnim djelovanjem trajno skrbi za unaprje\u0111ivanje odgojno-obrazovne politike i prakse, <strong>U\u010diteljski fakultet Sveu\u010dili\u0161ta u Zagrebu<\/strong> prepoznao je potrebu razli\u010ditih dionika odgojno-obrazovnoga sustava (odgojitelja, u\u010ditelja, nastavnika, stru\u010dnih suradnika, ravnatelja, ali i roditelja) da na jednome mjestu mogu prona\u0107i <strong>relevantne, pouzdane i korisne informacije o u\u010denju i pou\u010davanju hrvatskoga kao inoga jezika<\/strong> kako bi unaprijedili odgojno-obrazovni rad s inojezi\u010dnom djecom i u\u010denicima. S tim je ciljem nastala ova mre\u017ena stranica. <\/p>\n\n\n\n<div class=\"wp-container-3 wp-block-columns\">\n<div class=\"wp-container-2 wp-block-column\" style=\"flex-basis:100%\">\n<div class=\"wp-container-1 wp-block-group alignwide\"><div class=\"wp-block-group__inner-container\">\n<div class=\"wp-block-media-text alignwide has-media-on-the-right is-stacked-on-mobile\"><figure class=\"wp-block-media-text__media\"><\/figure><div class=\"wp-block-media-text__content\">\n<p class=\"has-large-font-size\">PREPORUKA TJEDNA<\/p>\n\n\n\n<figure class=\"wp-block-image size-large\"><img src=\"https:\/\/sp-ao.shortpixel.ai\/client\/to_auto,q_glossy,ret_img,w_200,h_294\/https:\/\/matis.hr\/wp-content\/uploads\/2023\/06\/Naslovnica-hr.jpg\" alt=\"\"\/><figcaption><a href=\"https:\/\/matis.hr\/knjige-i-katalozi\/\">https:\/\/matis.hr\/knjige-i-katalozi\/<\/a><\/figcaption><\/figure>\n<\/div><\/div>\n<\/div><\/div>\n<\/div>\n<\/div>\n\n\n\n<hr class=\"wp-block-separator has-alpha-channel-opacity\"\/>\n\n\n\n<h3>Najave doga\u0111anja<\/h3>\n\n\n\n<p><strong>Vi\u0161ejezi\u010dni u\u010denik i njegov nastavnik<\/strong>,\u00a0Stru\u010dni skup projekta TEAM, Filozofski fakultet, Rijeka, <strong>29. 8. 2023.<\/strong><\/p>\n","protected":false},"excerpt":{"rendered":"<p>Hrvatski kao ini jezik pojam je kojim se ozna\u010dava hrvatski jezik svih onih govornika kojima on nije prvi, odnosno materinski jezik ili im nije glavno sredstvo sporazumijevanja: useljenicima u Republiku Hrvatsku, potomcima hrvatskih iseljenika, pripadnicima nacionalnih manjina kojima je manjinski jezik materinski, strancima koji iz poslovnih ili privatnih razloga u\u010de hrvatski jezik i drugima&#8230; Govornici [&hellip;]<\/p>\n","protected":false},"author":1,"featured_media":0,"parent":0,"menu_order":0,"comment_status":"closed","ping_status":"closed","template":"","meta":[],"_links":{"self":[{"href":"https:\/\/hrvatski-ini.ufzg.hr\/index.php?rest_route=\/wp\/v2\/pages\/108"}],"collection":[{"href":"https:\/\/hrvatski-ini.ufzg.hr\/index.php?rest_route=\/wp\/v2\/pages"}],"about":[{"href":"https:\/\/hrvatski-ini.ufzg.hr\/index.php?rest_route=\/wp\/v2\/types\/page"}],"author":[{"embeddable":true,"href":"https:\/\/hrvatski-ini.ufzg.hr\/index.php?rest_route=\/wp\/v2\/users\/1"}],"replies":[{"embeddable":true,"href":"https:\/\/hrvatski-ini.ufzg.hr\/index.php?rest_route=%2Fwp%2Fv2%2Fcomments&post=108"}],"version-history":[{"count":12,"href":"https:\/\/hrvatski-ini.ufzg.hr\/index.php?rest_route=\/wp\/v2\/pages\/108\/revisions"}],"predecessor-version":[{"id":220,"href":"https:\/\/hrvatski-ini.ufzg.hr\/index.php?rest_route=\/wp\/v2\/pages\/108\/revisions\/220"}],"wp:attachment":[{"href":"https:\/\/hrvatski-ini.ufzg.hr\/index.php?rest_route=%2Fwp%2Fv2%2Fmedia&parent=108"}],"curies":[{"name":"wp","href":"https:\/\/api.w.org\/{rel}","templated":true}]}}