{"id":102,"date":"2023-08-24T21:05:47","date_gmt":"2023-08-24T21:05:47","guid":{"rendered":"https:\/\/hrvatski-ini.ufzg.hr\/?page_id=102"},"modified":"2023-08-25T11:52:44","modified_gmt":"2023-08-25T11:52:44","slug":"studiji","status":"publish","type":"page","link":"https:\/\/hrvatski-ini.ufzg.hr\/?page_id=102","title":{"rendered":"Studijski programi"},"content":{"rendered":"\n<h5 class=\"alignwide\">Poslijediplomski specijalisti\u010dki studij  <em>Obrazovni pristup hrvatskome kao inome jeziku u ranom odgoju i obveznom obrazovanju<\/em>, Sveu\u010dili\u0161te u Zagrebu, U\u010diteljski fakultet<\/h5>\n\n\n\n<p>\u2022Jedinstven studijski program u Republici Hrvatskoj, 4 semestra, 120 ECTS-a<\/p>\n\n\n\n<p>\u2022Namijenjen svima koji rade s djecom i u\u010denicima kojima hrvatski nije materinski jezik<\/p>\n\n\n\n<p>\u2022Akademski naziv koji se stje\u010de: Sveu\u010dili\u0161ni specijalist za obrazovanje o hrvatskom kao inom jeziku<\/p>\n\n\n\n<p>\u2022cjeloviti pristup ovladavanju i pou\u010davanju; interdisciplinarni program:<\/p>\n\n\n\n<p>        \u2022teme iz \u0161ireg podru\u010dja obrazovanja (npr. <em>Teorija kurikula, Multimedijska didaktika i nastava na daljinu, Socijalnopedago\u0161ki aspekti obrazovanja\u2026<\/em>)<\/p>\n\n\n\n<p>         \u2022u\u017ei specijalizirani sadr\u017eaji o ovladavanju i pou\u010davanju inoga      jezika (npr. <em>Rano u\u010denje stranoga jezika, \u010citanje na materinskom i inom jeziku\u2026)<\/em><\/p>\n\n\n\n<p>          \u2022kolegiji o hrvatskome jeziku (npr. <em>Metodika hrvatskoga kao inoga jezika, Hrvatska jezi\u010dna ba\u0161tina, Aktualna pitanja jezi\u010dne norme\u2026<\/em>)<\/p>\n\n\n\n<p>\u2022Naglasak na interakciji razli\u010ditih obrazovnih podru\u010dja (npr. dramska pedagogija, uloga knji\u017eevnosti u u\u010denju jezika, mediji u posredovanju jezika i kulture\u2026)<\/p>\n\n\n\n<p>\u2022<a rel=\"noreferrer noopener\" href=\"https:\/\/www.ufzg.unizg.hr\/tag\/obrazovni-pristup-hrvatskome-kao-inome-jeziku-u-ranom-odgoju-i-obveznom-obrazovanju\/\" target=\"_blank\">Natje\u010daj za upis u studijski program<\/a> i vi\u0161e informacija<\/p>\n\n\n\n<p><\/p>\n","protected":false},"excerpt":{"rendered":"<p>Poslijediplomski specijalisti\u010dki studij Obrazovni pristup hrvatskome kao inome jeziku u ranom odgoju i obveznom obrazovanju, Sveu\u010dili\u0161te u Zagrebu, U\u010diteljski fakultet \u2022Jedinstven studijski program u Republici Hrvatskoj, 4 semestra, 120 ECTS-a \u2022Namijenjen svima koji rade s djecom i u\u010denicima kojima hrvatski nije materinski jezik \u2022Akademski naziv koji se stje\u010de: Sveu\u010dili\u0161ni specijalist za obrazovanje o hrvatskom kao [&hellip;]<\/p>\n","protected":false},"author":1,"featured_media":0,"parent":39,"menu_order":-3,"comment_status":"closed","ping_status":"closed","template":"","meta":[],"_links":{"self":[{"href":"https:\/\/hrvatski-ini.ufzg.hr\/index.php?rest_route=\/wp\/v2\/pages\/102"}],"collection":[{"href":"https:\/\/hrvatski-ini.ufzg.hr\/index.php?rest_route=\/wp\/v2\/pages"}],"about":[{"href":"https:\/\/hrvatski-ini.ufzg.hr\/index.php?rest_route=\/wp\/v2\/types\/page"}],"author":[{"embeddable":true,"href":"https:\/\/hrvatski-ini.ufzg.hr\/index.php?rest_route=\/wp\/v2\/users\/1"}],"replies":[{"embeddable":true,"href":"https:\/\/hrvatski-ini.ufzg.hr\/index.php?rest_route=%2Fwp%2Fv2%2Fcomments&post=102"}],"version-history":[{"count":4,"href":"https:\/\/hrvatski-ini.ufzg.hr\/index.php?rest_route=\/wp\/v2\/pages\/102\/revisions"}],"predecessor-version":[{"id":179,"href":"https:\/\/hrvatski-ini.ufzg.hr\/index.php?rest_route=\/wp\/v2\/pages\/102\/revisions\/179"}],"up":[{"embeddable":true,"href":"https:\/\/hrvatski-ini.ufzg.hr\/index.php?rest_route=\/wp\/v2\/pages\/39"}],"wp:attachment":[{"href":"https:\/\/hrvatski-ini.ufzg.hr\/index.php?rest_route=%2Fwp%2Fv2%2Fmedia&parent=102"}],"curies":[{"name":"wp","href":"https:\/\/api.w.org\/{rel}","templated":true}]}}