{"id":100,"date":"2023-08-24T21:05:20","date_gmt":"2023-08-24T21:05:20","guid":{"rendered":"https:\/\/hrvatski-ini.ufzg.hr\/?page_id=100"},"modified":"2023-08-25T18:15:13","modified_gmt":"2023-08-25T18:15:13","slug":"konferencije-i-strucni-skupovi","status":"publish","type":"page","link":"https:\/\/hrvatski-ini.ufzg.hr\/?page_id=100","title":{"rendered":"Konferencije i stru\u010dni skupovi"},"content":{"rendered":"\n<h2 class=\"alignwide\">Konferencije<\/h2>\n\n\n\n<p><strong>Dijete i jezik danas<\/strong>:<em><strong> Jezik ud\u017ebenika &#8211; ud\u017ebenici jezika<\/strong><\/em>, Fakultet za odgojne i obrazovne znanosti, Osijek, <strong>12.-13. 10. 2023.<\/strong><\/p>\n\n\n\n<p><a rel=\"noreferrer noopener\" href=\"https:\/\/chila.eu\/hr\/\" target=\"_blank\">https:\/\/chila.eu\/hr\/<\/a>  <\/p>\n\n\n\n<p><\/p>\n\n\n\n<p>Konferencija <strong><em>Heritage and New Horizons: Croatia and Croatians in a Global Context Conference<\/em><\/strong>, Sveu\u010dili\u0161te Macquarie, Sydney, Australija uz suradnju U\u010diteljskoga fakulteta u Zagrebu, Ministarstva znanosti i obrazovanja, Sredi\u0161njeg dr\u017eavnog ureda za Hrvate izvan Republike Hrvatske, odr\u017eat \u0107e se <strong>8.-11. 2. 2024.<\/strong><\/p>\n\n\n\n<p><a href=\"https:\/\/event.mq.edu.au\/croatian-global-context-conference-2024\/\">https:\/\/event.mq.edu.au\/croatian-global-context-conference-2024\/<\/a><\/p>\n\n\n\n<p><\/p>\n\n\n\n<p><strong>UZRT 2024<\/strong>:<em><strong> Rano u\u010denje jezika u obrazovnom kontekstu<\/strong><\/em>, Filozofski fakultet u Zagrebu i Hrvatsko filolo\u0161ko dru\u0161tvo, Zagreb, <strong>16.-17. 2. 2024.<\/strong><\/p>\n\n\n\n<p><a href=\"http:\/\/uzrt.ffzg.unizg.hr\/\" target=\"_blank\" rel=\"noreferrer noopener\">http:\/\/uzrt.ffzg.unizg.hr\/<\/a><\/p>\n\n\n\n<p><\/p>\n\n\n\n<h2 class=\"alignwide\">Stru\u010dna usavr\u0161avanja<\/h2>\n\n\n\n<p><strong>Vi\u0161ejezi\u010dni u\u010denik i njegov nastavnik<\/strong>, <strong><em>Stru\u010dni skup projekta TEAM<\/em><\/strong>, Filozofski fakultet, Rijeka, 29. 8. 2023.<\/p>\n\n\n\n<figure class=\"wp-block-embed is-type-wp-embed is-provider-filozofski-fakultet-u-rijeci wp-block-embed-filozofski-fakultet-u-rijeci\"><div class=\"wp-block-embed__wrapper\">\n<blockquote class=\"wp-embedded-content\" data-secret=\"rjpZep7giO\"><a href=\"https:\/\/ffri.uniri.hr\/dogadjanja\/poziv-na-strucni-skup-visejezicni-ucenik-i-njegov-nastavnik-predstavljanje-i-primjena-rezultata-projekta-team-u-republici-hrvatskoj\/\">Poziv na stru\u010dni skup \u201eVi\u0161ejezi\u010dni u\u010denik i njegov nastavnik: predstavljanje i primjena rezultata projekta TEAM u Republici Hrvatskoj\u201c<\/a><\/blockquote><iframe class=\"wp-embedded-content\" sandbox=\"allow-scripts\" security=\"restricted\" style=\"position: absolute; clip: rect(1px, 1px, 1px, 1px);\" title=\"&#8220;Poziv na stru\u010dni skup \u201eVi\u0161ejezi\u010dni u\u010denik i njegov nastavnik: predstavljanje i primjena rezultata projekta TEAM u Republici Hrvatskoj\u201c&#8221; &#8212; Filozofski Fakultet u Rijeci\" src=\"https:\/\/ffri.uniri.hr\/dogadjanja\/poziv-na-strucni-skup-visejezicni-ucenik-i-njegov-nastavnik-predstavljanje-i-primjena-rezultata-projekta-team-u-republici-hrvatskoj\/embed\/#?secret=62TewPZzWQ#?secret=rjpZep7giO\" data-secret=\"rjpZep7giO\" width=\"580\" height=\"327\" frameborder=\"0\" marginwidth=\"0\" marginheight=\"0\" scrolling=\"no\"><\/iframe>\n<\/div><\/figure>\n\n\n\n<p><\/p>\n","protected":false},"excerpt":{"rendered":"<p>Konferencije Dijete i jezik danas: Jezik ud\u017ebenika &#8211; ud\u017ebenici jezika, Fakultet za odgojne i obrazovne znanosti, Osijek, 12.-13. 10. 2023. https:\/\/chila.eu\/hr\/ Konferencija Heritage and New Horizons: Croatia and Croatians in a Global Context Conference, Sveu\u010dili\u0161te Macquarie, Sydney, Australija uz suradnju U\u010diteljskoga fakulteta u Zagrebu, Ministarstva znanosti i obrazovanja, Sredi\u0161njeg dr\u017eavnog ureda za Hrvate izvan Republike [&hellip;]<\/p>\n","protected":false},"author":1,"featured_media":0,"parent":39,"menu_order":-5,"comment_status":"closed","ping_status":"closed","template":"","meta":[],"_links":{"self":[{"href":"https:\/\/hrvatski-ini.ufzg.hr\/index.php?rest_route=\/wp\/v2\/pages\/100"}],"collection":[{"href":"https:\/\/hrvatski-ini.ufzg.hr\/index.php?rest_route=\/wp\/v2\/pages"}],"about":[{"href":"https:\/\/hrvatski-ini.ufzg.hr\/index.php?rest_route=\/wp\/v2\/types\/page"}],"author":[{"embeddable":true,"href":"https:\/\/hrvatski-ini.ufzg.hr\/index.php?rest_route=\/wp\/v2\/users\/1"}],"replies":[{"embeddable":true,"href":"https:\/\/hrvatski-ini.ufzg.hr\/index.php?rest_route=%2Fwp%2Fv2%2Fcomments&post=100"}],"version-history":[{"count":4,"href":"https:\/\/hrvatski-ini.ufzg.hr\/index.php?rest_route=\/wp\/v2\/pages\/100\/revisions"}],"predecessor-version":[{"id":218,"href":"https:\/\/hrvatski-ini.ufzg.hr\/index.php?rest_route=\/wp\/v2\/pages\/100\/revisions\/218"}],"up":[{"embeddable":true,"href":"https:\/\/hrvatski-ini.ufzg.hr\/index.php?rest_route=\/wp\/v2\/pages\/39"}],"wp:attachment":[{"href":"https:\/\/hrvatski-ini.ufzg.hr\/index.php?rest_route=%2Fwp%2Fv2%2Fmedia&parent=100"}],"curies":[{"name":"wp","href":"https:\/\/api.w.org\/{rel}","templated":true}]}}